{"id":47208,"date":"2021-01-15T12:00:47","date_gmt":"2021-01-15T17:00:47","guid":{"rendered":"https:\/\/hudsontable.com\/?post_type=product&#038;p=47208"},"modified":"2021-01-28T11:54:02","modified_gmt":"2021-01-28T16:54:02","slug":"couples-brunch-hands-on-2","status":"publish","type":"product","link":"https:\/\/hudsontable.com\/hoboken\/product\/couples-brunch-hands-on-2\/","title":{"rendered":"COUPLES BRUNCH &#8211; HANDS ON"},"content":{"rendered":"<p>Turn your weekend brunch into an interactive experience with someone special.\u00a0 Our brunch class hits all the right notes with a savory duck confit with bitter greens, our decadent cr\u00e9me br\u00fbl\u00e9e french toast, buttery popovers with compound butter, and your classic hash browns.\u00a0 We&#8217;ll demystify the poached egg and cover lots of technique.\u00a0 Mimosas optional!<\/p>\n<p>Classes will be reduced capacity with all tables being 6&#8242; apart. All guests will be required to wear masks until ready for dining. If the weather permits, we will have tables outside for that portion of the evening. We are offering two options &#8211; buying 2 seats to join another party of 2 where you will cook together but dine separately with separate platters or option 2 which is buying out the entire table for up to 4 people. Please select your preference from the dropdown.<\/p>\n<p style=\"text-align: left;\"><strong>Due to the current public health environment and COVID-19, mask wearing throughout the class will be strictly enforced. All guests will have their temperature checked upon arrival and be asked a few questions. In order to participate in the class\/event, all guests must register <span style=\"text-decoration: underline;\">below CDC temperature guidelines<\/span>\u00a0and also\u00a0<span style=\"text-decoration: underline;\">answer NO<\/span> to all of questions below or they will be turned away:<\/strong><\/p>\n<ul>\n<li style=\"text-align: left;\">\n<h5>In the past 2 weeks, have you In the past two weeks have you experienced any COVID-19 related illnesses?<\/h5>\n<\/li>\n<li style=\"text-align: left;\">\n<h5>Have you tested positive for COVID-19 in the past two weeks?<\/h5>\n<\/li>\n<li style=\"text-align: left;\">\n<h5>Have you been exposed to a person who has been confirmed positive for COVID-19 in the past 2 weeks?<\/h5>\n<\/li>\n<li style=\"text-align: left;\">\n<h5>Have you traveled to a high-risk location within the United States or Internationally within the past 14 days?<\/h5>\n<\/li>\n<\/ul>\n","protected":false},"excerpt":{"rendered":"<p>Turn your weekend brunch into an interactive experience with someone special.\u00a0 Our brunch class hits all the right notes with a savory duck confit with bitter greens, our decadent cr\u00e9me br\u00fbl\u00e9e french toast, buttery popovers with compound butter, and your classic hash browns.\u00a0 We&#8217;ll demystify the poached egg and cover lots of technique.\u00a0 Mimosas optional! [&hellip;]<\/p>\n","protected":false},"featured_media":3445,"comment_status":"open","ping_status":"closed","template":"","meta":{"_monsterinsights_skip_tracking":false,"_monsterinsights_sitenote_active":false,"_monsterinsights_sitenote_note":"","_monsterinsights_sitenote_category":0},"product_cat":[8],"product_tag":[],"class_list":{"0":"post-47208","1":"product","2":"type-product","3":"status-publish","4":"has-post-thumbnail","6":"product_cat-schedule-class","8":"first","9":"outofstock","10":"purchasable","11":"product-type-variable"},"yoast_head":"<!-- This site is optimized with the Yoast SEO plugin v23.0 - https:\/\/yoast.com\/wordpress\/plugins\/seo\/ -->\n<title>COUPLES BRUNCH - HANDS ON - Hudson Table | Hoboken, NJ<\/title>\n<meta name=\"robots\" content=\"index, follow, max-snippet:-1, max-image-preview:large, max-video-preview:-1\" \/>\n<link rel=\"canonical\" href=\"https:\/\/hudsontable.com\/hoboken\/product\/couples-brunch-hands-on-2\/\" \/>\n<meta property=\"og:locale\" content=\"en_US\" \/>\n<meta property=\"og:type\" content=\"article\" \/>\n<meta property=\"og:title\" content=\"COUPLES BRUNCH - HANDS ON - Hudson Table | Hoboken, NJ\" \/>\n<meta property=\"og:description\" content=\"Turn your weekend brunch into an interactive experience with someone special.\u00a0 Our brunch class hits all the right notes with a savory duck confit with bitter greens, our decadent cr\u00e9me br\u00fbl\u00e9e french toast, buttery popovers with compound butter, and your classic hash browns.\u00a0 We&#8217;ll demystify the poached egg and cover lots of technique.\u00a0 Mimosas optional! [&hellip;]\" \/>\n<meta property=\"og:url\" content=\"https:\/\/hudsontable.com\/hoboken\/product\/couples-brunch-hands-on-2\/\" \/>\n<meta property=\"og:site_name\" content=\"Hudson Table | Hoboken, NJ\" \/>\n<meta property=\"article:modified_time\" content=\"2021-01-28T16:54:02+00:00\" \/>\n<meta property=\"og:image\" content=\"https:\/\/hudsontable.com\/hoboken\/wp-content\/uploads\/2016\/01\/Couples-Brunch.jpg\" \/>\n\t<meta property=\"og:image:width\" content=\"464\" \/>\n\t<meta property=\"og:image:height\" content=\"249\" \/>\n\t<meta property=\"og:image:type\" content=\"image\/jpeg\" \/>\n<meta name=\"twitter:card\" content=\"summary_large_image\" \/>\n<meta name=\"twitter:label1\" content=\"Est. reading time\" \/>\n\t<meta name=\"twitter:data1\" content=\"1 minute\" \/>\n<script type=\"application\/ld+json\" class=\"yoast-schema-graph\">{\"@context\":\"https:\/\/schema.org\",\"@graph\":[{\"@type\":\"WebPage\",\"@id\":\"https:\/\/hudsontable.com\/hoboken\/product\/couples-brunch-hands-on-2\/\",\"url\":\"https:\/\/hudsontable.com\/hoboken\/product\/couples-brunch-hands-on-2\/\",\"name\":\"COUPLES BRUNCH - HANDS ON - Hudson Table | Hoboken, NJ\",\"isPartOf\":{\"@id\":\"https:\/\/hudsontable.com\/hoboken\/#website\"},\"primaryImageOfPage\":{\"@id\":\"https:\/\/hudsontable.com\/hoboken\/product\/couples-brunch-hands-on-2\/#primaryimage\"},\"image\":{\"@id\":\"https:\/\/hudsontable.com\/hoboken\/product\/couples-brunch-hands-on-2\/#primaryimage\"},\"thumbnailUrl\":\"https:\/\/hudsontable.com\/hoboken\/wp-content\/uploads\/2016\/01\/Couples-Brunch.jpg\",\"datePublished\":\"2021-01-15T17:00:47+00:00\",\"dateModified\":\"2021-01-28T16:54:02+00:00\",\"breadcrumb\":{\"@id\":\"https:\/\/hudsontable.com\/hoboken\/product\/couples-brunch-hands-on-2\/#breadcrumb\"},\"inLanguage\":\"en-US\",\"potentialAction\":[{\"@type\":\"ReadAction\",\"target\":[\"https:\/\/hudsontable.com\/hoboken\/product\/couples-brunch-hands-on-2\/\"]}]},{\"@type\":\"ImageObject\",\"inLanguage\":\"en-US\",\"@id\":\"https:\/\/hudsontable.com\/hoboken\/product\/couples-brunch-hands-on-2\/#primaryimage\",\"url\":\"https:\/\/hudsontable.com\/hoboken\/wp-content\/uploads\/2016\/01\/Couples-Brunch.jpg\",\"contentUrl\":\"https:\/\/hudsontable.com\/hoboken\/wp-content\/uploads\/2016\/01\/Couples-Brunch.jpg\",\"width\":464,\"height\":249},{\"@type\":\"BreadcrumbList\",\"@id\":\"https:\/\/hudsontable.com\/hoboken\/product\/couples-brunch-hands-on-2\/#breadcrumb\",\"itemListElement\":[{\"@type\":\"ListItem\",\"position\":1,\"name\":\"Home\",\"item\":\"https:\/\/hudsontable.com\/hoboken\/\"},{\"@type\":\"ListItem\",\"position\":2,\"name\":\"SCHEDULE A CLASS\",\"item\":\"https:\/\/hudsontable.com\/hoboken\/schedule-a-class\/\"},{\"@type\":\"ListItem\",\"position\":3,\"name\":\"COUPLES BRUNCH &#8211; HANDS ON\"}]},{\"@type\":\"WebSite\",\"@id\":\"https:\/\/hudsontable.com\/hoboken\/#website\",\"url\":\"https:\/\/hudsontable.com\/hoboken\/\",\"name\":\"Hudson Table | Hoboken, NJ\",\"description\":\"More than just a cooking school\",\"publisher\":{\"@id\":\"https:\/\/hudsontable.com\/hoboken\/#organization\"},\"potentialAction\":[{\"@type\":\"SearchAction\",\"target\":{\"@type\":\"EntryPoint\",\"urlTemplate\":\"https:\/\/hudsontable.com\/hoboken\/?s={search_term_string}\"},\"query-input\":\"required name=search_term_string\"}],\"inLanguage\":\"en-US\"},{\"@type\":\"Organization\",\"@id\":\"https:\/\/hudsontable.com\/hoboken\/#organization\",\"name\":\"Hudson Table Hoboken\",\"url\":\"https:\/\/hudsontable.com\/hoboken\/\",\"logo\":{\"@type\":\"ImageObject\",\"inLanguage\":\"en-US\",\"@id\":\"https:\/\/hudsontable.com\/hoboken\/#\/schema\/logo\/image\/\",\"url\":\"https:\/\/hudsontable.com\/hoboken\/wp-content\/uploads\/2015\/09\/hudson_table_logo.png\",\"contentUrl\":\"https:\/\/hudsontable.com\/hoboken\/wp-content\/uploads\/2015\/09\/hudson_table_logo.png\",\"width\":150,\"height\":75,\"caption\":\"Hudson Table Hoboken\"},\"image\":{\"@id\":\"https:\/\/hudsontable.com\/hoboken\/#\/schema\/logo\/image\/\"}}]}<\/script>\n<!-- \/ Yoast SEO plugin. -->","yoast_head_json":{"title":"COUPLES BRUNCH - HANDS ON - Hudson Table | Hoboken, NJ","robots":{"index":"index","follow":"follow","max-snippet":"max-snippet:-1","max-image-preview":"max-image-preview:large","max-video-preview":"max-video-preview:-1"},"canonical":"https:\/\/hudsontable.com\/hoboken\/product\/couples-brunch-hands-on-2\/","og_locale":"en_US","og_type":"article","og_title":"COUPLES BRUNCH - HANDS ON - Hudson Table | Hoboken, NJ","og_description":"Turn your weekend brunch into an interactive experience with someone special.\u00a0 Our brunch class hits all the right notes with a savory duck confit with bitter greens, our decadent cr\u00e9me br\u00fbl\u00e9e french toast, buttery popovers with compound butter, and your classic hash browns.\u00a0 We&#8217;ll demystify the poached egg and cover lots of technique.\u00a0 Mimosas optional! [&hellip;]","og_url":"https:\/\/hudsontable.com\/hoboken\/product\/couples-brunch-hands-on-2\/","og_site_name":"Hudson Table | Hoboken, NJ","article_modified_time":"2021-01-28T16:54:02+00:00","og_image":[{"width":464,"height":249,"url":"https:\/\/hudsontable.com\/hoboken\/wp-content\/uploads\/2016\/01\/Couples-Brunch.jpg","type":"image\/jpeg"}],"twitter_card":"summary_large_image","twitter_misc":{"Est. reading time":"1 minute"},"schema":{"@context":"https:\/\/schema.org","@graph":[{"@type":"WebPage","@id":"https:\/\/hudsontable.com\/hoboken\/product\/couples-brunch-hands-on-2\/","url":"https:\/\/hudsontable.com\/hoboken\/product\/couples-brunch-hands-on-2\/","name":"COUPLES BRUNCH - HANDS ON - Hudson Table | Hoboken, NJ","isPartOf":{"@id":"https:\/\/hudsontable.com\/hoboken\/#website"},"primaryImageOfPage":{"@id":"https:\/\/hudsontable.com\/hoboken\/product\/couples-brunch-hands-on-2\/#primaryimage"},"image":{"@id":"https:\/\/hudsontable.com\/hoboken\/product\/couples-brunch-hands-on-2\/#primaryimage"},"thumbnailUrl":"https:\/\/hudsontable.com\/hoboken\/wp-content\/uploads\/2016\/01\/Couples-Brunch.jpg","datePublished":"2021-01-15T17:00:47+00:00","dateModified":"2021-01-28T16:54:02+00:00","breadcrumb":{"@id":"https:\/\/hudsontable.com\/hoboken\/product\/couples-brunch-hands-on-2\/#breadcrumb"},"inLanguage":"en-US","potentialAction":[{"@type":"ReadAction","target":["https:\/\/hudsontable.com\/hoboken\/product\/couples-brunch-hands-on-2\/"]}]},{"@type":"ImageObject","inLanguage":"en-US","@id":"https:\/\/hudsontable.com\/hoboken\/product\/couples-brunch-hands-on-2\/#primaryimage","url":"https:\/\/hudsontable.com\/hoboken\/wp-content\/uploads\/2016\/01\/Couples-Brunch.jpg","contentUrl":"https:\/\/hudsontable.com\/hoboken\/wp-content\/uploads\/2016\/01\/Couples-Brunch.jpg","width":464,"height":249},{"@type":"BreadcrumbList","@id":"https:\/\/hudsontable.com\/hoboken\/product\/couples-brunch-hands-on-2\/#breadcrumb","itemListElement":[{"@type":"ListItem","position":1,"name":"Home","item":"https:\/\/hudsontable.com\/hoboken\/"},{"@type":"ListItem","position":2,"name":"SCHEDULE A CLASS","item":"https:\/\/hudsontable.com\/hoboken\/schedule-a-class\/"},{"@type":"ListItem","position":3,"name":"COUPLES BRUNCH &#8211; HANDS ON"}]},{"@type":"WebSite","@id":"https:\/\/hudsontable.com\/hoboken\/#website","url":"https:\/\/hudsontable.com\/hoboken\/","name":"Hudson Table | Hoboken, NJ","description":"More than just a cooking school","publisher":{"@id":"https:\/\/hudsontable.com\/hoboken\/#organization"},"potentialAction":[{"@type":"SearchAction","target":{"@type":"EntryPoint","urlTemplate":"https:\/\/hudsontable.com\/hoboken\/?s={search_term_string}"},"query-input":"required name=search_term_string"}],"inLanguage":"en-US"},{"@type":"Organization","@id":"https:\/\/hudsontable.com\/hoboken\/#organization","name":"Hudson Table Hoboken","url":"https:\/\/hudsontable.com\/hoboken\/","logo":{"@type":"ImageObject","inLanguage":"en-US","@id":"https:\/\/hudsontable.com\/hoboken\/#\/schema\/logo\/image\/","url":"https:\/\/hudsontable.com\/hoboken\/wp-content\/uploads\/2015\/09\/hudson_table_logo.png","contentUrl":"https:\/\/hudsontable.com\/hoboken\/wp-content\/uploads\/2015\/09\/hudson_table_logo.png","width":150,"height":75,"caption":"Hudson Table Hoboken"},"image":{"@id":"https:\/\/hudsontable.com\/hoboken\/#\/schema\/logo\/image\/"}}]}},"_links":{"self":[{"href":"https:\/\/hudsontable.com\/hoboken\/wp-json\/wp\/v2\/product\/47208"}],"collection":[{"href":"https:\/\/hudsontable.com\/hoboken\/wp-json\/wp\/v2\/product"}],"about":[{"href":"https:\/\/hudsontable.com\/hoboken\/wp-json\/wp\/v2\/types\/product"}],"replies":[{"embeddable":true,"href":"https:\/\/hudsontable.com\/hoboken\/wp-json\/wp\/v2\/comments?post=47208"}],"wp:featuredmedia":[{"embeddable":true,"href":"https:\/\/hudsontable.com\/hoboken\/wp-json\/wp\/v2\/media\/3445"}],"wp:attachment":[{"href":"https:\/\/hudsontable.com\/hoboken\/wp-json\/wp\/v2\/media?parent=47208"}],"wp:term":[{"taxonomy":"product_cat","embeddable":true,"href":"https:\/\/hudsontable.com\/hoboken\/wp-json\/wp\/v2\/product_cat?post=47208"},{"taxonomy":"product_tag","embeddable":true,"href":"https:\/\/hudsontable.com\/hoboken\/wp-json\/wp\/v2\/product_tag?post=47208"}],"curies":[{"name":"wp","href":"https:\/\/api.w.org\/{rel}","templated":true}]}}