{"id":7840,"date":"2021-03-30T01:23:31","date_gmt":"2021-03-30T01:23:31","guid":{"rendered":"https:\/\/hudsontable.com\/brooklyn\/?post_type=product&#038;p=7840"},"modified":"2021-04-21T18:16:12","modified_gmt":"2021-04-21T18:16:12","slug":"couples-brunch-hands-on","status":"publish","type":"product","link":"https:\/\/hudsontable.com\/brooklyn\/product\/couples-brunch-hands-on\/","title":{"rendered":"COUPLES BRUNCH \u2013 HANDS ON"},"content":{"rendered":"<p>Turn your weekend brunch into an interactive experience with someone special.\u00a0 Our brunch class hits all the right notes with a savory duck confit with bitter greens, our decadent cr\u00e9me br\u00fbl\u00e9e french toast, buttery popovers with compound butter, and your classic hash browns.\u00a0 We&#8217;ll demystify the poached egg and cover lots of technique.\u00a0 Mimosas optional!<\/p>\n<p>Our classes are operating at reduced capacity with all dining tables being spaced at least 6 feet apart. Partitions and dividers may be used as needed.\u00a0If weather permits, we will offer tables outside for the seated dining portion of the event. The class will be broken up into\u00a0tables of up to 4 guests.\u00a0The minimum party size is 2 at this time. Guests who sign up separately in groups smaller than 4 will work together while wearing masks during the prep and cooking portion of the class, but will be seated at separate tables for the dining portion of the event.\u00a0Guests who would like to ensure their own private prep table must book 4 seats.\u00a0Please email us prior to booking if you have any questions regarding group sizes.\u00a0Due to the current public health environment and COVID-19, mask wearing throughout the class will be strictly enforced. All guests will have their temperature checked upon arrival and receive a written form for contact tracing purposes. In order to participate in the class\/event, all guests must register below CDC temperature guidelines and answer &#8220;No&#8221; to all of the written questions related to recent travel and symptoms related to COVID-19.<\/p>\n","protected":false},"excerpt":{"rendered":"<p>Turn your weekend brunch into an interactive experience with someone special.\u00a0 Our brunch class hits all the right notes with a savory duck confit with bitter greens, our decadent cr\u00e9me br\u00fbl\u00e9e french toast, buttery popovers with compound butter, and your classic hash browns.\u00a0 We&#8217;ll demystify the poached egg and cover lots of technique.\u00a0 Mimosas optional! [&hellip;]<\/p>\n","protected":false},"featured_media":7526,"comment_status":"open","ping_status":"closed","template":"","meta":{"_monsterinsights_skip_tracking":false,"_monsterinsights_sitenote_active":false,"_monsterinsights_sitenote_note":"","_monsterinsights_sitenote_category":0},"product_cat":[34],"product_tag":[],"class_list":{"0":"post-7840","1":"product","2":"type-product","3":"status-publish","4":"has-post-thumbnail","6":"product_cat-schedule-class","8":"first","9":"instock","10":"purchasable","11":"product-type-simple"},"yoast_head":"<!-- This site is optimized with the Yoast SEO plugin v23.0 - https:\/\/yoast.com\/wordpress\/plugins\/seo\/ -->\n<title>COUPLES BRUNCH \u2013 HANDS ON | Hudson Table | Brooklyn, NY<\/title>\n<meta name=\"robots\" content=\"index, follow, max-snippet:-1, max-image-preview:large, max-video-preview:-1\" \/>\n<link rel=\"canonical\" href=\"https:\/\/hudsontable.com\/brooklyn\/product\/couples-brunch-hands-on\/\" \/>\n<meta property=\"og:locale\" content=\"en_US\" \/>\n<meta property=\"og:type\" content=\"article\" \/>\n<meta property=\"og:title\" content=\"COUPLES BRUNCH \u2013 HANDS ON | Hudson Table | Brooklyn, NY\" \/>\n<meta property=\"og:description\" content=\"Turn your weekend brunch into an interactive experience with someone special.\u00a0 Our brunch class hits all the right notes with a savory duck confit with bitter greens, our decadent cr\u00e9me br\u00fbl\u00e9e french toast, buttery popovers with compound butter, and your classic hash browns.\u00a0 We&#8217;ll demystify the poached egg and cover lots of technique.\u00a0 Mimosas optional! [&hellip;]\" \/>\n<meta property=\"og:url\" content=\"https:\/\/hudsontable.com\/brooklyn\/product\/couples-brunch-hands-on\/\" \/>\n<meta property=\"og:site_name\" content=\"Hudson Table | Brooklyn, NY\" \/>\n<meta property=\"article:modified_time\" content=\"2021-04-21T18:16:12+00:00\" \/>\n<meta property=\"og:image\" content=\"https:\/\/hudsontable.com\/brooklyn\/wp-content\/uploads\/sites\/3\/2021\/02\/Couples-Brunch.jpg\" \/>\n\t<meta property=\"og:image:width\" content=\"464\" \/>\n\t<meta property=\"og:image:height\" content=\"249\" \/>\n\t<meta property=\"og:image:type\" content=\"image\/jpeg\" \/>\n<meta name=\"twitter:card\" content=\"summary_large_image\" \/>\n<meta name=\"twitter:label1\" content=\"Est. reading time\" \/>\n\t<meta name=\"twitter:data1\" content=\"1 minute\" \/>\n<script type=\"application\/ld+json\" class=\"yoast-schema-graph\">{\"@context\":\"https:\/\/schema.org\",\"@graph\":[{\"@type\":\"WebPage\",\"@id\":\"https:\/\/hudsontable.com\/brooklyn\/product\/couples-brunch-hands-on\/\",\"url\":\"https:\/\/hudsontable.com\/brooklyn\/product\/couples-brunch-hands-on\/\",\"name\":\"COUPLES BRUNCH \u2013 HANDS ON | Hudson Table | Brooklyn, NY\",\"isPartOf\":{\"@id\":\"https:\/\/hudsontable.com\/brooklyn\/#website\"},\"primaryImageOfPage\":{\"@id\":\"https:\/\/hudsontable.com\/brooklyn\/product\/couples-brunch-hands-on\/#primaryimage\"},\"image\":{\"@id\":\"https:\/\/hudsontable.com\/brooklyn\/product\/couples-brunch-hands-on\/#primaryimage\"},\"thumbnailUrl\":\"https:\/\/hudsontable.com\/brooklyn\/wp-content\/uploads\/sites\/3\/2021\/02\/Couples-Brunch.jpg\",\"datePublished\":\"2021-03-30T01:23:31+00:00\",\"dateModified\":\"2021-04-21T18:16:12+00:00\",\"breadcrumb\":{\"@id\":\"https:\/\/hudsontable.com\/brooklyn\/product\/couples-brunch-hands-on\/#breadcrumb\"},\"inLanguage\":\"en-US\",\"potentialAction\":[{\"@type\":\"ReadAction\",\"target\":[\"https:\/\/hudsontable.com\/brooklyn\/product\/couples-brunch-hands-on\/\"]}]},{\"@type\":\"ImageObject\",\"inLanguage\":\"en-US\",\"@id\":\"https:\/\/hudsontable.com\/brooklyn\/product\/couples-brunch-hands-on\/#primaryimage\",\"url\":\"https:\/\/hudsontable.com\/brooklyn\/wp-content\/uploads\/sites\/3\/2021\/02\/Couples-Brunch.jpg\",\"contentUrl\":\"https:\/\/hudsontable.com\/brooklyn\/wp-content\/uploads\/sites\/3\/2021\/02\/Couples-Brunch.jpg\",\"width\":464,\"height\":249},{\"@type\":\"BreadcrumbList\",\"@id\":\"https:\/\/hudsontable.com\/brooklyn\/product\/couples-brunch-hands-on\/#breadcrumb\",\"itemListElement\":[{\"@type\":\"ListItem\",\"position\":1,\"name\":\"Home\",\"item\":\"https:\/\/hudsontable.com\/brooklyn\/\"},{\"@type\":\"ListItem\",\"position\":2,\"name\":\"SCHEDULE A CLASS\",\"item\":\"https:\/\/hudsontable.com\/brooklyn\/schedule-a-class\/\"},{\"@type\":\"ListItem\",\"position\":3,\"name\":\"COUPLES BRUNCH \u2013 HANDS ON\"}]},{\"@type\":\"WebSite\",\"@id\":\"https:\/\/hudsontable.com\/brooklyn\/#website\",\"url\":\"https:\/\/hudsontable.com\/brooklyn\/\",\"name\":\"Hudson Table | Brooklyn, NY\",\"description\":\"More than just a cooking school\",\"publisher\":{\"@id\":\"https:\/\/hudsontable.com\/brooklyn\/#organization\"},\"potentialAction\":[{\"@type\":\"SearchAction\",\"target\":{\"@type\":\"EntryPoint\",\"urlTemplate\":\"https:\/\/hudsontable.com\/brooklyn\/?s={search_term_string}\"},\"query-input\":\"required name=search_term_string\"}],\"inLanguage\":\"en-US\"},{\"@type\":\"Organization\",\"@id\":\"https:\/\/hudsontable.com\/brooklyn\/#organization\",\"name\":\"Hudson Table Brooklyn\",\"url\":\"https:\/\/hudsontable.com\/brooklyn\/\",\"logo\":{\"@type\":\"ImageObject\",\"inLanguage\":\"en-US\",\"@id\":\"https:\/\/hudsontable.com\/brooklyn\/#\/schema\/logo\/image\/\",\"url\":\"https:\/\/hudsontable.com\/brooklyn\/wp-content\/uploads\/sites\/3\/2023\/04\/hudson_table_logo.png\",\"contentUrl\":\"https:\/\/hudsontable.com\/brooklyn\/wp-content\/uploads\/sites\/3\/2023\/04\/hudson_table_logo.png\",\"width\":150,\"height\":75,\"caption\":\"Hudson Table Brooklyn\"},\"image\":{\"@id\":\"https:\/\/hudsontable.com\/brooklyn\/#\/schema\/logo\/image\/\"}}]}<\/script>\n<!-- \/ Yoast SEO plugin. -->","yoast_head_json":{"title":"COUPLES BRUNCH \u2013 HANDS ON | Hudson Table | Brooklyn, NY","robots":{"index":"index","follow":"follow","max-snippet":"max-snippet:-1","max-image-preview":"max-image-preview:large","max-video-preview":"max-video-preview:-1"},"canonical":"https:\/\/hudsontable.com\/brooklyn\/product\/couples-brunch-hands-on\/","og_locale":"en_US","og_type":"article","og_title":"COUPLES BRUNCH \u2013 HANDS ON | Hudson Table | Brooklyn, NY","og_description":"Turn your weekend brunch into an interactive experience with someone special.\u00a0 Our brunch class hits all the right notes with a savory duck confit with bitter greens, our decadent cr\u00e9me br\u00fbl\u00e9e french toast, buttery popovers with compound butter, and your classic hash browns.\u00a0 We&#8217;ll demystify the poached egg and cover lots of technique.\u00a0 Mimosas optional! [&hellip;]","og_url":"https:\/\/hudsontable.com\/brooklyn\/product\/couples-brunch-hands-on\/","og_site_name":"Hudson Table | Brooklyn, NY","article_modified_time":"2021-04-21T18:16:12+00:00","og_image":[{"width":464,"height":249,"url":"https:\/\/hudsontable.com\/brooklyn\/wp-content\/uploads\/sites\/3\/2021\/02\/Couples-Brunch.jpg","type":"image\/jpeg"}],"twitter_card":"summary_large_image","twitter_misc":{"Est. reading time":"1 minute"},"schema":{"@context":"https:\/\/schema.org","@graph":[{"@type":"WebPage","@id":"https:\/\/hudsontable.com\/brooklyn\/product\/couples-brunch-hands-on\/","url":"https:\/\/hudsontable.com\/brooklyn\/product\/couples-brunch-hands-on\/","name":"COUPLES BRUNCH \u2013 HANDS ON | Hudson Table | Brooklyn, NY","isPartOf":{"@id":"https:\/\/hudsontable.com\/brooklyn\/#website"},"primaryImageOfPage":{"@id":"https:\/\/hudsontable.com\/brooklyn\/product\/couples-brunch-hands-on\/#primaryimage"},"image":{"@id":"https:\/\/hudsontable.com\/brooklyn\/product\/couples-brunch-hands-on\/#primaryimage"},"thumbnailUrl":"https:\/\/hudsontable.com\/brooklyn\/wp-content\/uploads\/sites\/3\/2021\/02\/Couples-Brunch.jpg","datePublished":"2021-03-30T01:23:31+00:00","dateModified":"2021-04-21T18:16:12+00:00","breadcrumb":{"@id":"https:\/\/hudsontable.com\/brooklyn\/product\/couples-brunch-hands-on\/#breadcrumb"},"inLanguage":"en-US","potentialAction":[{"@type":"ReadAction","target":["https:\/\/hudsontable.com\/brooklyn\/product\/couples-brunch-hands-on\/"]}]},{"@type":"ImageObject","inLanguage":"en-US","@id":"https:\/\/hudsontable.com\/brooklyn\/product\/couples-brunch-hands-on\/#primaryimage","url":"https:\/\/hudsontable.com\/brooklyn\/wp-content\/uploads\/sites\/3\/2021\/02\/Couples-Brunch.jpg","contentUrl":"https:\/\/hudsontable.com\/brooklyn\/wp-content\/uploads\/sites\/3\/2021\/02\/Couples-Brunch.jpg","width":464,"height":249},{"@type":"BreadcrumbList","@id":"https:\/\/hudsontable.com\/brooklyn\/product\/couples-brunch-hands-on\/#breadcrumb","itemListElement":[{"@type":"ListItem","position":1,"name":"Home","item":"https:\/\/hudsontable.com\/brooklyn\/"},{"@type":"ListItem","position":2,"name":"SCHEDULE A CLASS","item":"https:\/\/hudsontable.com\/brooklyn\/schedule-a-class\/"},{"@type":"ListItem","position":3,"name":"COUPLES BRUNCH \u2013 HANDS ON"}]},{"@type":"WebSite","@id":"https:\/\/hudsontable.com\/brooklyn\/#website","url":"https:\/\/hudsontable.com\/brooklyn\/","name":"Hudson Table | Brooklyn, NY","description":"More than just a cooking school","publisher":{"@id":"https:\/\/hudsontable.com\/brooklyn\/#organization"},"potentialAction":[{"@type":"SearchAction","target":{"@type":"EntryPoint","urlTemplate":"https:\/\/hudsontable.com\/brooklyn\/?s={search_term_string}"},"query-input":"required name=search_term_string"}],"inLanguage":"en-US"},{"@type":"Organization","@id":"https:\/\/hudsontable.com\/brooklyn\/#organization","name":"Hudson Table Brooklyn","url":"https:\/\/hudsontable.com\/brooklyn\/","logo":{"@type":"ImageObject","inLanguage":"en-US","@id":"https:\/\/hudsontable.com\/brooklyn\/#\/schema\/logo\/image\/","url":"https:\/\/hudsontable.com\/brooklyn\/wp-content\/uploads\/sites\/3\/2023\/04\/hudson_table_logo.png","contentUrl":"https:\/\/hudsontable.com\/brooklyn\/wp-content\/uploads\/sites\/3\/2023\/04\/hudson_table_logo.png","width":150,"height":75,"caption":"Hudson Table Brooklyn"},"image":{"@id":"https:\/\/hudsontable.com\/brooklyn\/#\/schema\/logo\/image\/"}}]}},"_links":{"self":[{"href":"https:\/\/hudsontable.com\/brooklyn\/wp-json\/wp\/v2\/product\/7840"}],"collection":[{"href":"https:\/\/hudsontable.com\/brooklyn\/wp-json\/wp\/v2\/product"}],"about":[{"href":"https:\/\/hudsontable.com\/brooklyn\/wp-json\/wp\/v2\/types\/product"}],"replies":[{"embeddable":true,"href":"https:\/\/hudsontable.com\/brooklyn\/wp-json\/wp\/v2\/comments?post=7840"}],"wp:featuredmedia":[{"embeddable":true,"href":"https:\/\/hudsontable.com\/brooklyn\/wp-json\/wp\/v2\/media\/7526"}],"wp:attachment":[{"href":"https:\/\/hudsontable.com\/brooklyn\/wp-json\/wp\/v2\/media?parent=7840"}],"wp:term":[{"taxonomy":"product_cat","embeddable":true,"href":"https:\/\/hudsontable.com\/brooklyn\/wp-json\/wp\/v2\/product_cat?post=7840"},{"taxonomy":"product_tag","embeddable":true,"href":"https:\/\/hudsontable.com\/brooklyn\/wp-json\/wp\/v2\/product_tag?post=7840"}],"curies":[{"name":"wp","href":"https:\/\/api.w.org\/{rel}","templated":true}]}}